{"id":281,"date":"2017-10-14T17:35:45","date_gmt":"2017-10-14T17:35:45","guid":{"rendered":"https:\/\/intoscane.nl\/umbrie\/"},"modified":"2018-11-19T16:42:49","modified_gmt":"2018-11-19T15:42:49","slug":"umbrie","status":"publish","type":"page","link":"https:\/\/intoscane.nl\/en\/areas\/umbrie\/","title":{"rendered":"Umbrie"},"content":{"rendered":"<p>[et_pb_section fb_built=&#8221;1&#8243; fullwidth=&#8221;on&#8221; _builder_version=&#8221;3.0.78&#8243;][et_pb_fullwidth_image src=&#8221;https:\/\/intoscane.nl\/wp-content\/uploads\/2018\/11\/image.jpg&#8221; _builder_version=&#8221;3.14&#8243;][\/et_pb_fullwidth_image][\/et_pb_section][et_pb_section fb_built=&#8221;1&#8243; _builder_version=&#8221;3.0.78&#8243; custom_padding=&#8221;0px|0px|0px|0px&#8221;][et_pb_row custom_padding=&#8221;23px|0px|24px|0px&#8221; _builder_version=&#8221;3.0.78&#8243;][et_pb_column type=&#8221;4_4&#8243; _builder_version=&#8221;3.0.78&#8243; parallax=&#8221;off&#8221; parallax_method=&#8221;on&#8221;][et_pb_text _builder_version=&#8221;3.0.78&#8243; header_font_size=&#8221;40px&#8221;]<\/p>\n<h1>Umbri\u00eb<\/h1>\n<p>The green heart of Italy where many famous art cities can be found. Our offer here concerns 3 locations, a Bed &amp; Breakfast not far from Perugia, small but nice.<\/p>\n<p>A beautiful domain with <g class=\"gr_ gr_16 gr-alert gr_gramm gr_inline_cards gr_run_anim Grammar only-ins doubleReplace replaceWithoutSep\" id=\"16\" data-gr-id=\"16\">detached house<\/g>, hotel accommodation (only 6 rooms) and a large swimming pool: absolute sophistication and tranquility, in a nature park.<\/p>\n<p>A very beautiful and cozy detached house with private swimming pool in the far south.<\/p>\n<p>Check out our offer of houses and apartments in Umbria.<\/p>\n<p>[\/et_pb_text][et_pb_text _builder_version=&#8221;3.0.78&#8243;]<\/p>\n<h2>Our offer in and in the area of\u00a0Umbri\u00eb<\/h2>\n<p>[\/et_pb_text][\/et_pb_column][\/et_pb_row][\/et_pb_section][et_pb_section fb_built=&#8221;1&#8243; _builder_version=&#8221;3.0.78&#8243; custom_padding=&#8221;0px|0px|0px|0px&#8221;][et_pb_row custom_padding=&#8221;0px|0px|0px|0px&#8221; _builder_version=&#8221;3.0.78&#8243;][et_pb_column type=&#8221;4_4&#8243; _builder_version=&#8221;3.0.78&#8243; parallax=&#8221;off&#8221; parallax_method=&#8221;on&#8221;][et_pb_portfolio fullwidth=&#8221;off&#8221; posts_number=&#8221;30&#8243; include_categories=&#8221;38&#8243; _builder_version=&#8221;3.0.78&#8243; text_orientation=&#8221;center&#8221;][\/et_pb_portfolio][\/et_pb_column][\/et_pb_row][\/et_pb_section][et_pb_section fb_built=&#8221;1&#8243; fullwidth=&#8221;on&#8221; _builder_version=&#8221;3.0.78&#8243;][et_pb_fullwidth_map address=&#8221;Umbri\u00eb, Itali\u00eb&#8221; zoom_level=&#8221;9&#8243; address_lat=&#8221;42.938004&#8243; address_lng=&#8221;12.6216211&#8243; _builder_version=&#8221;3.0.91&#8243;][et_pb_map_pin title=&#8221;Umbri\u00eb&#8221; pin_address=&#8221;Umbri\u00eb, Itali\u00eb&#8221; pin_address_lat=&#8221;42.938004&#8243; pin_address_lng=&#8221;12.6216211&#8243; _builder_version=&#8221;3.0.78&#8243;][\/et_pb_map_pin][\/et_pb_fullwidth_map][\/et_pb_section]<\/p>\n","protected":false},"excerpt":{"rendered":"<p>[et_pb_section fb_built=&#8221;1&#8243; fullwidth=&#8221;on&#8221; _builder_version=&#8221;3.0.78&#8243;][et_pb_fullwidth_image src=&#8221;https:\/\/intoscane.nl\/wp-content\/uploads\/2018\/11\/image.jpg&#8221; _builder_version=&#8221;3.14&#8243;][\/et_pb_fullwidth_image][\/et_pb_section][et_pb_section fb_built=&#8221;1&#8243; _builder_version=&#8221;3.0.78&#8243; custom_padding=&#8221;0px|0px|0px|0px&#8221;][et_pb_row custom_padding=&#8221;23px|0px|24px|0px&#8221; _builder_version=&#8221;3.0.78&#8243;][et_pb_column type=&#8221;4_4&#8243; _builder_version=&#8221;3.0.78&#8243; parallax=&#8221;off&#8221; parallax_method=&#8221;on&#8221;][et_pb_text _builder_version=&#8221;3.0.78&#8243; header_font_size=&#8221;40px&#8221;] Umbri\u00eb The green heart of Italy where many famous art cities can be found. Our offer here concerns 3 locations, a Bed &amp; Breakfast not far from Perugia, small but nice. A beautiful domain with detached house, hotel [&hellip;]<\/p>\n","protected":false},"author":1,"featured_media":9627,"parent":275,"menu_order":0,"comment_status":"closed","ping_status":"closed","template":"","meta":{"_et_pb_use_builder":"on","_et_pb_old_content":"","_et_gb_content_width":""},"yst_prominent_words":[],"_links":{"self":[{"href":"https:\/\/intoscane.nl\/en\/wp-json\/wp\/v2\/pages\/281"}],"collection":[{"href":"https:\/\/intoscane.nl\/en\/wp-json\/wp\/v2\/pages"}],"about":[{"href":"https:\/\/intoscane.nl\/en\/wp-json\/wp\/v2\/types\/page"}],"author":[{"embeddable":true,"href":"https:\/\/intoscane.nl\/en\/wp-json\/wp\/v2\/users\/1"}],"replies":[{"embeddable":true,"href":"https:\/\/intoscane.nl\/en\/wp-json\/wp\/v2\/comments?post=281"}],"version-history":[{"count":24,"href":"https:\/\/intoscane.nl\/en\/wp-json\/wp\/v2\/pages\/281\/revisions"}],"predecessor-version":[{"id":9626,"href":"https:\/\/intoscane.nl\/en\/wp-json\/wp\/v2\/pages\/281\/revisions\/9626"}],"up":[{"embeddable":true,"href":"https:\/\/intoscane.nl\/en\/wp-json\/wp\/v2\/pages\/275"}],"wp:featuredmedia":[{"embeddable":true,"href":"https:\/\/intoscane.nl\/en\/wp-json\/wp\/v2\/media\/9627"}],"wp:attachment":[{"href":"https:\/\/intoscane.nl\/en\/wp-json\/wp\/v2\/media?parent=281"}],"wp:term":[{"taxonomy":"yst_prominent_words","embeddable":true,"href":"https:\/\/intoscane.nl\/en\/wp-json\/wp\/v2\/yst_prominent_words?post=281"}],"curies":[{"name":"wp","href":"https:\/\/api.w.org\/{rel}","templated":true}]}}