{"id":275,"date":"2017-10-14T17:33:28","date_gmt":"2017-10-14T17:33:28","guid":{"rendered":"https:\/\/intoscane.nl\/per-city\/"},"modified":"2017-12-23T16:46:03","modified_gmt":"2017-12-23T15:46:03","slug":"areas","status":"publish","type":"page","link":"https:\/\/intoscane.nl\/en\/areas\/","title":{"rendered":"Areas"},"content":{"rendered":"<p>[et_pb_section fb_built=&#8221;1&#8243; admin_label=&#8221;section&#8221; _builder_version=&#8221;3.0.47&#8243; custom_padding=&#8221;0px|0px|0px|0px&#8221;][et_pb_row custom_padding=&#8221;25px|0px|0px|0px&#8221; admin_label=&#8221;row&#8221; _builder_version=&#8221;3.0.47&#8243; background_size=&#8221;initial&#8221; background_position=&#8221;top_left&#8221; background_repeat=&#8221;repeat&#8221;][et_pb_column type=&#8221;4_4&#8243; _builder_version=&#8221;3.0.47&#8243; parallax=&#8221;off&#8221; parallax_method=&#8221;on&#8221;][et_pb_text _builder_version=&#8221;3.0.78&#8243; background_size=&#8221;initial&#8221; background_position=&#8221;top_left&#8221; background_repeat=&#8221;repeat&#8221;]<\/p>\n<h1 style=\"text-align: left;\">Our offer per area in Tuscany<\/h1>\n<p>At InToscane we offer holiday homes and apartments in different locations in Tuscany. Each of our composite locations again has its own unique charm. Here we have put together our selection personally.<\/p>\n<p>View below our offer per region of Tuscany.<\/p>\n<p>[\/et_pb_text][\/et_pb_column][\/et_pb_row][\/et_pb_section][et_pb_section fb_built=&#8221;1&#8243; _builder_version=&#8221;3.0.78&#8243; custom_padding=&#8221;0px|0px|54px|0px&#8221;][et_pb_row custom_padding=&#8221;49px|0px|25.5938px|0px&#8221; _builder_version=&#8221;3.0.78&#8243;][et_pb_column type=&#8221;4_4&#8243; _builder_version=&#8221;3.0.47&#8243; parallax=&#8221;off&#8221; parallax_method=&#8221;on&#8221;][et_pb_text _builder_version=&#8221;3.0.89&#8243;]<\/p>\n<h2 style=\"text-align: center;\">View our houses and apartments offer in Tuscany<\/h2>\n<p>[\/et_pb_text][\/et_pb_column][\/et_pb_row][et_pb_row custom_padding=&#8221;27px|0px|19px|0px&#8221; _builder_version=&#8221;3.0.78&#8243;][et_pb_column type=&#8221;1_4&#8243; _builder_version=&#8221;3.0.47&#8243; parallax=&#8221;off&#8221; parallax_method=&#8221;on&#8221;][et_pb_blurb title=&#8221;Florence&#8221; image=&#8221;https:\/\/webbooth.nl.server101.firstfind.nl\/intoscane.nl\/wp-content\/uploads\/2017\/11\/Home-florence.jpg&#8221; _builder_version=&#8221;3.0.78&#8243; text_orientation=&#8221;center&#8221; animation=&#8221;off&#8221;]Discover Florence and her surroundings. See here our offer in an around Florence<br \/>\n[\/et_pb_blurb][et_pb_button button_url=&#8221;https:\/\/intoscane.nl\/en\/florence\/&#8221; button_text=&#8221;Discover Florence&#8221; button_alignment=&#8221;center&#8221; background_layout=&#8221;dark&#8221; _builder_version=&#8221;3.0.89&#8243;][\/et_pb_button][\/et_pb_column][et_pb_column type=&#8221;1_4&#8243; _builder_version=&#8221;3.0.47&#8243; parallax=&#8221;off&#8221; parallax_method=&#8221;on&#8221;][et_pb_blurb title=&#8221;Chianti&#8221; image=&#8221;https:\/\/webbooth.nl.server101.firstfind.nl\/intoscane.nl\/wp-content\/uploads\/2017\/11\/Home-Chianti-1.jpg&#8221; _builder_version=&#8221;3.0.78&#8243; text_orientation=&#8221;center&#8221; custom_padding=&#8221;|||&#8221; animation=&#8221;off&#8221;]Discover the woods and numerous picturesque villages and towns. Check out our offer in Chianti<br \/>\n[\/et_pb_blurb][et_pb_button button_url=&#8221;https:\/\/intoscane.nl\/en\/chianti\/&#8221; button_text=&#8221;Discover Chianti&#8221; button_alignment=&#8221;center&#8221; background_layout=&#8221;dark&#8221; _builder_version=&#8221;3.0.78&#8243;][\/et_pb_button][\/et_pb_column][et_pb_column type=&#8221;1_4&#8243; _builder_version=&#8221;3.0.47&#8243; parallax=&#8221;off&#8221; parallax_method=&#8221;on&#8221;][et_pb_blurb title=&#8221;Siena&#8221; image=&#8221;https:\/\/webbooth.nl.server101.firstfind.nl\/intoscane.nl\/wp-content\/uploads\/2017\/11\/Home-Siena.jpg&#8221; _builder_version=&#8221;3.0.78&#8243; text_orientation=&#8221;center&#8221; animation=&#8221;off&#8221;]The city lies in a landscape of beautifully rolling hills. Check out our offer in and around Siena<br \/>\n[\/et_pb_blurb][et_pb_button button_url=&#8221;https:\/\/intoscane.nl\/en\/siena\/&#8221; button_text=&#8221;Discover Siena&#8221; button_alignment=&#8221;center&#8221; background_layout=&#8221;dark&#8221; _builder_version=&#8221;3.0.89&#8243;][\/et_pb_button][\/et_pb_column][et_pb_column type=&#8221;1_4&#8243; _builder_version=&#8221;3.0.47&#8243; parallax=&#8221;off&#8221; parallax_method=&#8221;on&#8221;][et_pb_blurb title=&#8221;Umbri\u00eb&#8221; image=&#8221;https:\/\/webbooth.nl.server101.firstfind.nl\/intoscane.nl\/wp-content\/uploads\/2017\/11\/Home-Umbrie-1.jpg&#8221; _builder_version=&#8221;3.0.78&#8243; text_orientation=&#8221;center&#8221; animation=&#8221;off&#8221;]The green heart of Italy where many famous art cities can be found. Check out our offer in Umbria<br \/>\n[\/et_pb_blurb][et_pb_button button_url=&#8221;https:\/\/intoscane.nl\/en\/umbrie\/&#8221; button_text=&#8221;Discover Umbri\u00eb&#8221; button_alignment=&#8221;center&#8221; background_layout=&#8221;dark&#8221; _builder_version=&#8221;3.0.78&#8243;][\/et_pb_button][\/et_pb_column][\/et_pb_row][et_pb_row custom_padding=&#8221;0px|0px|27px|0px&#8221; _builder_version=&#8221;3.0.78&#8243;][et_pb_column type=&#8221;1_4&#8243; _builder_version=&#8221;3.0.47&#8243; parallax=&#8221;off&#8221; parallax_method=&#8221;on&#8221;][et_pb_blurb title=&#8221;Rome \u2013 Sabine Hills&#8221; image=&#8221;https:\/\/webbooth.nl.server101.firstfind.nl\/intoscane.nl\/wp-content\/uploads\/2017\/11\/Home-Rome-Sabijnse-Heuvels-1.jpg&#8221; _builder_version=&#8221;3.0.78&#8243; text_orientation=&#8221;center&#8221; animation=&#8221;off&#8221;]A rustic and undeveloped area. Check out our offer in and around Rome &#8211; Sabine Hills<br \/>\n[\/et_pb_blurb][et_pb_button button_url=&#8221;https:\/\/intoscane.nl\/en\/rome-sabijnse-heuvels\/&#8221; button_text=&#8221;Rome Sabine&#8230;&#8221; button_alignment=&#8221;center&#8221; background_layout=&#8221;dark&#8221; _builder_version=&#8221;3.0.89&#8243;][\/et_pb_button][\/et_pb_column][et_pb_column type=&#8221;1_4&#8243; _builder_version=&#8221;3.0.47&#8243; parallax=&#8221;off&#8221; parallax_method=&#8221;on&#8221;][et_pb_blurb title=&#8221;Val d&#8217;Orcia&#8221; image=&#8221;https:\/\/webbooth.nl.server101.firstfind.nl\/intoscane.nl\/wp-content\/uploads\/2017\/11\/Home-Val-dorica.jpg&#8221; _builder_version=&#8221;3.0.78&#8243; text_orientation=&#8221;center&#8221; animation=&#8221;off&#8221;]Montalcino (Brunello wines) and Pienza, the most beautiful abbey of Tuscany.\u00a0 See our offer in and around Val d&#8217;Orcia<br \/>\n[\/et_pb_blurb][et_pb_button button_url=&#8221;https:\/\/intoscane.nl\/en\/val-dorcia\/&#8221; button_text=&#8221;Val d&#8217;Orcia&#8221; button_alignment=&#8221;center&#8221; background_layout=&#8221;dark&#8221; _builder_version=&#8221;3.0.89&#8243;][\/et_pb_button][\/et_pb_column][et_pb_column type=&#8221;1_4&#8243; _builder_version=&#8221;3.0.47&#8243; parallax=&#8221;off&#8221; parallax_method=&#8221;on&#8221;][et_pb_blurb title=&#8221;Le Marche&#8221; image=&#8221;https:\/\/webbooth.nl.server101.firstfind.nl\/intoscane.nl\/wp-content\/uploads\/2017\/11\/Home-Le-Marche-1.jpg&#8221; _builder_version=&#8221;3.0.78&#8243; text_orientation=&#8221;center&#8221; animation=&#8221;off&#8221;]With a beautiful view over the Marchigian hills. Check out our offer in Le Marche[\/et_pb_blurb][et_pb_button button_url=&#8221;https:\/\/intoscane.nl\/en\/le-marche\/&#8221; button_text=&#8221;Discover Le Marche&#8221; button_alignment=&#8221;center&#8221; background_layout=&#8221;dark&#8221; _builder_version=&#8221;3.0.78&#8243;][\/et_pb_button][\/et_pb_column][et_pb_column type=&#8221;1_4&#8243; _builder_version=&#8221;3.0.47&#8243; parallax=&#8221;off&#8221; parallax_method=&#8221;on&#8221;][et_pb_blurb title=&#8221;Near The Coast&#8221; image=&#8221;https:\/\/webbooth.nl.server101.firstfind.nl\/intoscane.nl\/wp-content\/uploads\/2017\/11\/Home-richting-de-kust-1.jpg&#8221; _builder_version=&#8221;3.0.78&#8243; text_orientation=&#8221;center&#8221; animation=&#8221;off&#8221;]Houses with infinite views (up to sea) across the valleys. Check out our offer around the coast<br \/>\n[\/et_pb_blurb][et_pb_button button_url=&#8221;https:\/\/intoscane.nl\/en\/richting-de-kust\/&#8221; button_text=&#8221;Near The Coast&#8221; button_alignment=&#8221;center&#8221; background_layout=&#8221;dark&#8221; _builder_version=&#8221;3.0.78&#8243;][\/et_pb_button][\/et_pb_column][\/et_pb_row][\/et_pb_section][et_pb_section fb_built=&#8221;1&#8243; fullwidth=&#8221;on&#8221; disabled_on=&#8221;off|off|off&#8221; _builder_version=&#8221;3.0.78&#8243; custom_padding=&#8221;0px|0px|0px|0px&#8221;][et_pb_fullwidth_map address=&#8221;Toscane, Itali\u00eb&#8221; zoom_level=&#8221;7&#8243; address_lat=&#8221;43.7710513&#8243; address_lng=&#8221;11.2486208&#8243; _builder_version=&#8221;3.0.78&#8243;][et_pb_map_pin title=&#8221;Florence&#8221; pin_address=&#8221;Florence, Itali\u00eb&#8221; pin_address_lat=&#8221;43.7695604&#8243; pin_address_lng=&#8221;11.2558136&#8243; _builder_version=&#8221;3.0.78&#8243;]<a href=\"https:\/\/intoscane.nl\/en\/florence\/\">View our offer in Florence<\/a>[\/et_pb_map_pin][et_pb_map_pin title=&#8221;Chianti&#8221; pin_address=&#8221;50022 Greve in Chianti, Metropolitan City of Florence, Itali\u00eb&#8221; pin_address_lat=&#8221;43.5830644&#8243; pin_address_lng=&#8221;11.3186815&#8243; _builder_version=&#8221;3.0.78&#8243;]<a href=\"https:\/\/www.intiscane.nl\/en\/chianti\/\">View Our Offer in Chianti<\/a>[\/et_pb_map_pin][et_pb_map_pin title=&#8221;Siene&#8221; pin_address=&#8221;53100 Sienna, Siena, Itali\u00eb&#8221; pin_address_lat=&#8221;43.318809&#8243; pin_address_lng=&#8221;11.3307574&#8243; _builder_version=&#8221;3.0.78&#8243;]<a href=\"https:\/\/intoscane.nl\/en\/omgeving-siena\/\">View our offer in Siene<\/a>[\/et_pb_map_pin][et_pb_map_pin title=&#8221;Umbri\u00eb&#8221; pin_address=&#8221;Umbri\u00eb, Itali\u00eb&#8221; pin_address_lat=&#8221;42.938004&#8243; pin_address_lng=&#8221;12.6216211&#8243; _builder_version=&#8221;3.0.78&#8243;]<a href=\"https:\/\/intoscane.nl\/en\/umbrie\/\">View Our Offer in Umbri\u00eb<\/a>[\/et_pb_map_pin][et_pb_map_pin title=&#8221;Rome \u2013 Sabine Hills&#8221; pin_address=&#8221;02040 Tarano RI, Itali\u00eb&#8221; pin_address_lat=&#8221;42.3577773&#8243; pin_address_lng=&#8221;12.5968303&#8243; _builder_version=&#8221;3.0.78&#8243;]<a href=\"intoscane.nl\/omgeving-rome-sabijnse-heuvels\/\">View our offer in Rome \u2013 Sabine Hills<\/a>[\/et_pb_map_pin][et_pb_map_pin title=&#8221;Val d\u2019Orcia&#8221; pin_address=&#8221;Via Dante Alighieri, 33, 53027 San Quirico d&#8217;Orcia SI, Itali\u00eb&#8221; pin_address_lat=&#8221;43.0601233&#8243; pin_address_lng=&#8221;11.60345&#8243; _builder_version=&#8221;3.0.78&#8243;]<a href=\"https:\/\/intoscane.nl\/en\/val-dorcia\/\">View our offer in Val d\u2019Orcia<\/a>[\/et_pb_map_pin][et_pb_map_pin title=&#8221;Le Marche&#8221; pin_address=&#8221;Marche, Itali\u00eb&#8221; pin_address_lat=&#8221;43.5058744&#8243; pin_address_lng=&#8221;12.989615&#8243; _builder_version=&#8221;3.0.78&#8243;]<a href=\"https:\/\/intoscane.nl\/en\/le-marche\/\">View Our offer in\u00a0Le Marche<\/a>[\/et_pb_map_pin][et_pb_map_pin title=&#8221;Near The Coast&#8221; pin_address=&#8221;La Spezia, Itali\u00eb&#8221; pin_address_lat=&#8221;44.1024504&#8243; pin_address_lng=&#8221;9.8240826&#8243; _builder_version=&#8221;3.0.78&#8243;]<a href=\"https:\/\/intoscane.nl\/en\/richting-de-kust\/\">View Our offer Near the Coast of Tuscany<\/a>[\/et_pb_map_pin][\/et_pb_fullwidth_map][\/et_pb_section]<\/p>\n","protected":false},"excerpt":{"rendered":"<p>[et_pb_section fb_built=&#8221;1&#8243; admin_label=&#8221;section&#8221; _builder_version=&#8221;3.0.47&#8243; custom_padding=&#8221;0px|0px|0px|0px&#8221;][et_pb_row custom_padding=&#8221;25px|0px|0px|0px&#8221; admin_label=&#8221;row&#8221; _builder_version=&#8221;3.0.47&#8243; background_size=&#8221;initial&#8221; background_position=&#8221;top_left&#8221; background_repeat=&#8221;repeat&#8221;][et_pb_column type=&#8221;4_4&#8243; _builder_version=&#8221;3.0.47&#8243; parallax=&#8221;off&#8221; parallax_method=&#8221;on&#8221;][et_pb_text _builder_version=&#8221;3.0.78&#8243; background_size=&#8221;initial&#8221; background_position=&#8221;top_left&#8221; background_repeat=&#8221;repeat&#8221;] Our offer per area in Tuscany At InToscane we offer holiday homes and apartments in different locations in Tuscany. Each of our composite locations again has its own unique charm. Here we have put together our [&hellip;]<\/p>\n","protected":false},"author":1,"featured_media":4632,"parent":0,"menu_order":0,"comment_status":"closed","ping_status":"closed","template":"","meta":{"_et_pb_use_builder":"on","_et_pb_old_content":"","_et_gb_content_width":""},"yst_prominent_words":[165,154,169,161,160,162,163,156,168,159,158,155,167,133,118,127,164,166,157,153],"_links":{"self":[{"href":"https:\/\/intoscane.nl\/en\/wp-json\/wp\/v2\/pages\/275"}],"collection":[{"href":"https:\/\/intoscane.nl\/en\/wp-json\/wp\/v2\/pages"}],"about":[{"href":"https:\/\/intoscane.nl\/en\/wp-json\/wp\/v2\/types\/page"}],"author":[{"embeddable":true,"href":"https:\/\/intoscane.nl\/en\/wp-json\/wp\/v2\/users\/1"}],"replies":[{"embeddable":true,"href":"https:\/\/intoscane.nl\/en\/wp-json\/wp\/v2\/comments?post=275"}],"version-history":[{"count":88,"href":"https:\/\/intoscane.nl\/en\/wp-json\/wp\/v2\/pages\/275\/revisions"}],"predecessor-version":[{"id":5323,"href":"https:\/\/intoscane.nl\/en\/wp-json\/wp\/v2\/pages\/275\/revisions\/5323"}],"wp:featuredmedia":[{"embeddable":true,"href":"https:\/\/intoscane.nl\/en\/wp-json\/wp\/v2\/media\/4632"}],"wp:attachment":[{"href":"https:\/\/intoscane.nl\/en\/wp-json\/wp\/v2\/media?parent=275"}],"wp:term":[{"taxonomy":"yst_prominent_words","embeddable":true,"href":"https:\/\/intoscane.nl\/en\/wp-json\/wp\/v2\/yst_prominent_words?post=275"}],"curies":[{"name":"wp","href":"https:\/\/api.w.org\/{rel}","templated":true}]}}